{"id":308,"date":"2021-06-26T04:39:19","date_gmt":"2021-06-26T02:39:19","guid":{"rendered":"https:\/\/www.wonderwerk.at\/new\/senior-beraterin\/"},"modified":"2025-04-16T08:53:37","modified_gmt":"2025-04-16T06:53:37","slug":"seniorberaterin","status":"publish","type":"page","link":"https:\/\/www.wonderwerk.com\/en\/career\/seniorberaterin\/","title":{"rendered":"Senior Berater:in (m\/w\/d)"},"content":{"rendered":"\n<div class=\"wp-block-wonderwerk-spacer spacer_50\"><\/div>\n\n\n\n<div class=\"wp-block-wonderwerk-title subtitle_oben\"><h2>F\u00fcr erfahrene Strateg:innen, die Exzellenz neu definieren wollen.<\/h2><\/div>\n\n\n\n<div class=\"wp-block-wonderwerk-career project_box_text\"><h5>Wonderwerk ist eine aufstrebende Boutique-Beratung, die sich auf hochkomplexe Transformations- und Innovationsprojekte spezialisiert hat. Wir suchen ambitionierte Senior Berater:innen, die mit Leidenschaft und Exzellenz die Zukunft unserer Kund:innen gestalten m\u00f6chten.<\/h5><\/div>\n\n\n\n<div class=\"wp-block-wonderwerk-spacer trennlinie_80_80\"><\/div>\n\n\n\n<div class=\"wp-block-wonderwerk-title subtitle_oben\"><h2>Deine Mission<\/h2><\/div>\n\n\n\n<p>Als Senior Berater:in bei Wonderwerk bist du die treibende Kraft hinter strategischen Projekten, die echten Wandel schaffen. Du bringst deine analytische Exzellenz und deine unternehmerische Denkweise ein, um unsere Kund:innen in den Bereichen Transformation, Change Management und Strategie zu begeistern.<\/p>\n\n\n\n<div class=\"wp-block-wonderwerk-spacer trennlinie_80_80\"><\/div>\n\n\n\n<div class=\"wp-block-wonderwerk-title subtitle_oben\"><h2>Aufgaben<\/h2><\/div>\n\n\n\n<p class=\"has-medium-font-size\"><strong>Deine Herausforderungen<\/strong><\/p>\n\n\n\n<div class=\"wp-block-wonderwerk-spacer spacer_50\"><\/div>\n\n\n\n<ul class=\"wp-block-list\">\n<li><strong>Strategische Verantwortung:<\/strong>&nbsp;Entwickle bahnbrechende L\u00f6sungen f\u00fcr unsere Kund:innen \u2013 von Marktf\u00fchrern bis zu Hidden Champions.<\/li>\n\n\n\n<li><strong>Thought Leadership:<\/strong>&nbsp;Positioniere dich als Expert:in in unseren Kernbereichen und inspiriere unsere Kund:innen mit innovativen Ans\u00e4tzen.<\/li>\n\n\n\n<li><strong>Exzellente Umsetzung:<\/strong>&nbsp;Leite eigenst\u00e4ndig Teilprojekte und arbeite mit Top-F\u00fchrungskr\u00e4ften an der erfolgreichen Umsetzung strategischer Initiativen. Du moderierst Workshops, entwickelst praxisnahe L\u00f6sungen und bringst dich aktiv in die Umsetzung ein \u2013 nicht nur auf strategischer, sondern auch auf operativer Ebene.<\/li>\n\n\n\n<li><strong>High-Performance Coaching:<\/strong>&nbsp;F\u00f6rdere und fordere unser Berater:innenteam und trage aktiv zu unserer Kultur der Exzellenz bei.<\/li>\n\n\n\n<li><strong>Business Development:<\/strong>&nbsp;Entwickle aktiv neue Gesch\u00e4ftschancen und baue Kund:innenbeziehungen eigenst\u00e4ndig aus.<\/li>\n<\/ul>\n\n\n\n<div class=\"wp-block-wonderwerk-spacer trennlinie_80_80\"><\/div>\n\n\n\n<div class=\"wp-block-wonderwerk-title subtitle_oben\"><h2>Qualifikation<\/h2><\/div>\n\n\n\n<ul class=\"wp-block-list\">\n<li><strong>Erfahrung<\/strong>: Mindestens 3 Jahre Beratungserfahrung bei einem f\u00fchrenden Beratungshaus, idealerweise mit Schwerpunkt Transformation, Change Management oder Strategie.<\/li>\n\n\n\n<li><strong>Exzellente Qualifikationen<\/strong>: \u00dcberdurchschnittlicher Master-Abschluss, idealerweise erg\u00e4nzt durch eine Promotion oder einen MBA.<\/li>\n\n\n\n<li><strong>Leadership Skills<\/strong>: Nachgewiesene Erfolge in der Leitung anspruchsvoller Projekte und der Entwicklung von leistungsstarken Teams.<\/li>\n\n\n\n<li><strong>Ambition und Flexibilit\u00e4t<\/strong>: Hohe Reisebereitschaft und der Wille, dich den herausforderndsten Projekten zu stellen.<\/li>\n<\/ul>\n\n\n\n<div class=\"wp-block-wonderwerk-spacer trennlinie_80_80\"><\/div>\n\n\n\n<div class=\"wp-block-wonderwerk-title subtitle_oben\"><h2>Benefits<\/h2><\/div>\n\n\n\n<ul class=\"wp-block-list\">\n<li><strong>Attraktive Verg\u00fctung:<\/strong>&nbsp;Gesamtpaket ab 65.000 EUR p.a. (inkl. Bonus), mit deutlichem Upside-Potenzial bei Akquiseerfolgen.<\/li>\n\n\n\n<li><strong>Weiterentwicklung:<\/strong>&nbsp;Wir bieten dir nicht nur Weiterbildungsprogramme \u2013 bei uns hast du eine klare Perspektive zur Weiterentwicklung in Richtung Projektleitung und dar\u00fcber hinaus.<\/li>\n\n\n\n<li><strong>Internationales Arbeiten:<\/strong>&nbsp;Projektmandate in der DACH-Region und dar\u00fcber hinaus.<\/li>\n\n\n\n<li><strong>Impact Beyond Business:<\/strong>&nbsp;Einsatz deines Wissens in Projekten mit gesellschaftlicher Relevanz und langfristiger Wirkung.<\/li>\n<\/ul>\n\n\n\n<div class=\"wp-block-wonderwerk-spacer trennlinie_80_80\"><\/div>\n\n\n\n<div class=\"wp-block-wonderwerk-title subtitle_oben\"><h2>Warum Wonderwerk?<\/h2><\/div>\n\n\n\n<p>Wir bieten mehr als Beratung: Wir setzen auf echte Wirkung und messbaren Impact.<br>Mit unserem Ansatz \u201eChange by Design\u201c gestalten wir Ver\u00e4nderungen so, dass sie langfristig bestehen.<br>Unsere Kultur f\u00f6rdert Exzellenz, Unternehmergeist und ein starkes kollegiales Miteinander.<br>Wenn du weg vom Standard und hin zu ma\u00dfgeblichem Einfluss auf die Transformation unserer Kund:innen m\u00f6chtest, bist du bei uns genau richtig.<\/p>\n\n\n\n<div class=\"wp-block-wonderwerk-spacer trennlinie_80_80\"><\/div>\n\n\n\n<div class=\"wp-block-wonderwerk-title subtitle_oben\"><h2>Dein n\u00e4chster Schritt<\/h2><\/div>\n\n\n\n<p>Klingt nach genau dem Umfeld, in dem du wachsen willst? Dann bewirb dich jetzt und gestalte mit uns die Transformation unserer Kund:innen.<\/p>\n\n\n\n<div class=\"wp-block-wonderwerk-spacer trennlinie_80_80\"><\/div>\n\n\n\n<div class=\"wp-block-wonderwerk-title subtitle_oben\"><h2>Unser Unternehmen<\/h2><\/div>\n\n\n\n<section class=\"wp-block-wonderwerk-threefotos drei_foto_box\">\n<figure class=\"wp-block-wonderwerk-foto\"><img decoding=\"async\" class=\"pixscal\" src=\"https:\/\/www.wonderwerk.com\/wp-content\/uploads\/2021\/08\/Office.jpg\" alt=\"\"\/><\/figure>\n\n\n\n<figure class=\"wp-block-wonderwerk-foto\"><img decoding=\"async\" class=\"pixscal\" src=\"https:\/\/www.wonderwerk.com\/wp-content\/uploads\/2021\/08\/Training-2.jpg\" alt=\"\"\/><\/figure>\n\n\n\n<figure class=\"wp-block-wonderwerk-foto\"><img decoding=\"async\" class=\"pixscal\" src=\"https:\/\/www.wonderwerk.com\/wp-content\/uploads\/2021\/08\/Workshop-2.jpg\" alt=\"\"\/><\/figure>\n<\/section>\n\n\n\n<p>Unser Motto lautet \u201eChange by Design\u201c \u2013 wir beraten Organisationen, die innovativer, digitaler und agiler werden wollen. Wir glauben, dass Leidenschaft und Freude an der Arbeit die wichtigsten Kriterien f\u00fcr nachhaltigen Erfolg sind. Wir schaffen daher ein Arbeitsumfeld, das viel kreative Energie freisetzt.<br><br>Wir freuen uns \u00fcber alle Bewerbungen unabh\u00e4ngig von Geschlecht, Nationalit\u00e4t, ethnischer Herkunft, Religion, Weltanschauung, Behinderung, Alter, sexueller Orientierung und Identit\u00e4t.<\/p>\n\n\n\n<div class=\"wp-block-wonderwerk-spacer trennlinie_80_80\"><\/div>\n\n\n\n<div class=\"wp-block-wonderwerk-title subtitle_oben\"><h2>Jetzt bewerben<\/h2><\/div>\n\n\n\n<p>Sende uns deine Bewerbung mit tabellarischem Lebenslauf und Motivationschreiben inkl. Zeugnisse an:<\/p>\n\n\n\n<p><a href=\"mailto:jobs@wonderwerk.com\">jobs@wonderwerk.com<\/a><\/p>\n\n\n\n<p class=\"jobmail ani\"><\/p>\n","protected":false},"excerpt":{"rendered":"<p>Als Senior Berater:in bei Wonderwerk bist du die treibende Kraft hinter strategischen Projekten, die echten Wandel schaffen. Du bringst deine analytische Exzellenz und deine unternehmerische Denkweise ein, um unsere Kund:innen in den Bereichen Transformation, Change Management und Strategie zu begeistern. Deine Herausforderungen Wir bieten mehr als Beratung: Wir setzen auf echte Wirkung und messbaren Impact.Mit [&hellip;]<\/p>\n","protected":false},"author":1,"featured_media":806,"parent":309,"menu_order":120,"comment_status":"closed","ping_status":"closed","template":"tmpl_career.php","meta":{"footnotes":""},"class_list":["post-308","page","type-page","status-publish","has-post-thumbnail","hentry"],"yoast_head":"<!-- This site is optimized with the Yoast SEO Premium plugin v21.7 (Yoast SEO v27.4) - https:\/\/yoast.com\/product\/yoast-seo-premium-wordpress\/ -->\n<title>Senior Berater:in (m\/w\/d) - WONDERWERK<\/title>\n<meta name=\"robots\" content=\"noindex, follow\" \/>\n<meta property=\"og:locale\" content=\"en_US\" \/>\n<meta property=\"og:type\" content=\"article\" \/>\n<meta property=\"og:title\" content=\"Senior Berater:in (m\/w\/d)\" \/>\n<meta property=\"og:description\" content=\"Als Senior Berater:in bei Wonderwerk bist du die treibende Kraft hinter strategischen Projekten, die echten Wandel schaffen. Du bringst deine analytische Exzellenz und deine unternehmerische Denkweise ein, um unsere Kund:innen in den Bereichen Transformation, Change Management und Strategie zu begeistern. Deine Herausforderungen Wir bieten mehr als Beratung: Wir setzen auf echte Wirkung und messbaren Impact.Mit [&hellip;]\" \/>\n<meta property=\"og:url\" content=\"https:\/\/www.wonderwerk.com\/en\/career\/seniorberaterin\/\" \/>\n<meta property=\"og:site_name\" content=\"WONDERWERK\" \/>\n<meta property=\"article:modified_time\" content=\"2025-04-16T06:53:37+00:00\" \/>\n<meta property=\"og:image\" content=\"https:\/\/www.wonderwerk.com\/wp-content\/uploads\/2021\/08\/Senior-Beraterin-1.jpg\" \/>\n\t<meta property=\"og:image:width\" content=\"847\" \/>\n\t<meta property=\"og:image:height\" content=\"520\" \/>\n\t<meta property=\"og:image:type\" content=\"image\/jpeg\" \/>\n<meta name=\"twitter:card\" content=\"summary_large_image\" \/>\n<meta name=\"twitter:site\" content=\"@wearewonderwerk\" \/>\n<meta name=\"twitter:label1\" content=\"Est. reading time\" \/>\n\t<meta name=\"twitter:data1\" content=\"4 minutes\" \/>\n<script type=\"application\/ld+json\" class=\"yoast-schema-graph\">{\"@context\":\"https:\\\/\\\/schema.org\",\"@graph\":[{\"@type\":\"WebPage\",\"@id\":\"https:\\\/\\\/www.wonderwerk.com\\\/en\\\/career\\\/seniorberaterin\\\/\",\"url\":\"https:\\\/\\\/www.wonderwerk.com\\\/en\\\/career\\\/seniorberaterin\\\/\",\"name\":\"Senior Berater:in (m\\\/w\\\/d) - WONDERWERK\",\"isPartOf\":{\"@id\":\"https:\\\/\\\/www.wonderwerk.com\\\/en\\\/#website\"},\"primaryImageOfPage\":{\"@id\":\"https:\\\/\\\/www.wonderwerk.com\\\/en\\\/career\\\/seniorberaterin\\\/#primaryimage\"},\"image\":{\"@id\":\"https:\\\/\\\/www.wonderwerk.com\\\/en\\\/career\\\/seniorberaterin\\\/#primaryimage\"},\"thumbnailUrl\":\"https:\\\/\\\/www.wonderwerk.com\\\/wp-content\\\/uploads\\\/2021\\\/08\\\/Senior-Beraterin-1.jpg\",\"datePublished\":\"2021-06-26T02:39:19+00:00\",\"dateModified\":\"2025-04-16T06:53:37+00:00\",\"breadcrumb\":{\"@id\":\"https:\\\/\\\/www.wonderwerk.com\\\/en\\\/career\\\/seniorberaterin\\\/#breadcrumb\"},\"inLanguage\":\"en-US\",\"potentialAction\":[{\"@type\":\"ReadAction\",\"target\":[\"https:\\\/\\\/www.wonderwerk.com\\\/en\\\/career\\\/seniorberaterin\\\/\"]}]},{\"@type\":\"ImageObject\",\"inLanguage\":\"en-US\",\"@id\":\"https:\\\/\\\/www.wonderwerk.com\\\/en\\\/career\\\/seniorberaterin\\\/#primaryimage\",\"url\":\"https:\\\/\\\/www.wonderwerk.com\\\/wp-content\\\/uploads\\\/2021\\\/08\\\/Senior-Beraterin-1.jpg\",\"contentUrl\":\"https:\\\/\\\/www.wonderwerk.com\\\/wp-content\\\/uploads\\\/2021\\\/08\\\/Senior-Beraterin-1.jpg\",\"width\":847,\"height\":520},{\"@type\":\"BreadcrumbList\",\"@id\":\"https:\\\/\\\/www.wonderwerk.com\\\/en\\\/career\\\/seniorberaterin\\\/#breadcrumb\",\"itemListElement\":[{\"@type\":\"ListItem\",\"position\":1,\"name\":\"Startseite\",\"item\":\"https:\\\/\\\/www.wonderwerk.com\\\/en\\\/\"},{\"@type\":\"ListItem\",\"position\":2,\"name\":\"Career\",\"item\":\"https:\\\/\\\/www.wonderwerk.com\\\/en\\\/career\\\/\"},{\"@type\":\"ListItem\",\"position\":3,\"name\":\"Senior Berater:in (m\\\/w\\\/d)\"}]},{\"@type\":\"WebSite\",\"@id\":\"https:\\\/\\\/www.wonderwerk.com\\\/en\\\/#website\",\"url\":\"https:\\\/\\\/www.wonderwerk.com\\\/en\\\/\",\"name\":\"WONDERWERK\",\"description\":\"Wonderwerk ber\u00e4t Organisationen, die innovativer, digitaler und agiler werden wollen.\",\"publisher\":{\"@id\":\"https:\\\/\\\/www.wonderwerk.com\\\/en\\\/#organization\"},\"potentialAction\":[{\"@type\":\"SearchAction\",\"target\":{\"@type\":\"EntryPoint\",\"urlTemplate\":\"https:\\\/\\\/www.wonderwerk.com\\\/en\\\/?s={search_term_string}\"},\"query-input\":{\"@type\":\"PropertyValueSpecification\",\"valueRequired\":true,\"valueName\":\"search_term_string\"}}],\"inLanguage\":\"en-US\"},{\"@type\":\"Organization\",\"@id\":\"https:\\\/\\\/www.wonderwerk.com\\\/en\\\/#organization\",\"name\":\"wonderwerk consulting GmbH\",\"url\":\"https:\\\/\\\/www.wonderwerk.com\\\/en\\\/\",\"logo\":{\"@type\":\"ImageObject\",\"inLanguage\":\"en-US\",\"@id\":\"https:\\\/\\\/www.wonderwerk.com\\\/en\\\/#\\\/schema\\\/logo\\\/image\\\/\",\"url\":\"https:\\\/\\\/www.wonderwerk.com\\\/wp-content\\\/uploads\\\/2022\\\/03\\\/Logo-mit-Schriftzug-rgb-png-1.png\",\"contentUrl\":\"https:\\\/\\\/www.wonderwerk.com\\\/wp-content\\\/uploads\\\/2022\\\/03\\\/Logo-mit-Schriftzug-rgb-png-1.png\",\"width\":2244,\"height\":569,\"caption\":\"wonderwerk consulting GmbH\"},\"image\":{\"@id\":\"https:\\\/\\\/www.wonderwerk.com\\\/en\\\/#\\\/schema\\\/logo\\\/image\\\/\"},\"sameAs\":[\"https:\\\/\\\/x.com\\\/wearewonderwerk\",\"https:\\\/\\\/www.instagram.com\\\/wearewonderwerk\",\"https:\\\/\\\/www.linkedin.com\\\/company\\\/10540669\\\/admin\\\/\"]}]}<\/script>\n<!-- \/ Yoast SEO Premium plugin. -->","yoast_head_json":{"title":"Senior Berater:in (m\/w\/d) - WONDERWERK","robots":{"index":"noindex","follow":"follow"},"og_locale":"en_US","og_type":"article","og_title":"Senior Berater:in (m\/w\/d)","og_description":"Als Senior Berater:in bei Wonderwerk bist du die treibende Kraft hinter strategischen Projekten, die echten Wandel schaffen. Du bringst deine analytische Exzellenz und deine unternehmerische Denkweise ein, um unsere Kund:innen in den Bereichen Transformation, Change Management und Strategie zu begeistern. Deine Herausforderungen Wir bieten mehr als Beratung: Wir setzen auf echte Wirkung und messbaren Impact.Mit [&hellip;]","og_url":"https:\/\/www.wonderwerk.com\/en\/career\/seniorberaterin\/","og_site_name":"WONDERWERK","article_modified_time":"2025-04-16T06:53:37+00:00","og_image":[{"width":847,"height":520,"url":"https:\/\/www.wonderwerk.com\/wp-content\/uploads\/2021\/08\/Senior-Beraterin-1.jpg","type":"image\/jpeg"}],"twitter_card":"summary_large_image","twitter_site":"@wearewonderwerk","twitter_misc":{"Est. reading time":"4 minutes"},"schema":{"@context":"https:\/\/schema.org","@graph":[{"@type":"WebPage","@id":"https:\/\/www.wonderwerk.com\/en\/career\/seniorberaterin\/","url":"https:\/\/www.wonderwerk.com\/en\/career\/seniorberaterin\/","name":"Senior Berater:in (m\/w\/d) - WONDERWERK","isPartOf":{"@id":"https:\/\/www.wonderwerk.com\/en\/#website"},"primaryImageOfPage":{"@id":"https:\/\/www.wonderwerk.com\/en\/career\/seniorberaterin\/#primaryimage"},"image":{"@id":"https:\/\/www.wonderwerk.com\/en\/career\/seniorberaterin\/#primaryimage"},"thumbnailUrl":"https:\/\/www.wonderwerk.com\/wp-content\/uploads\/2021\/08\/Senior-Beraterin-1.jpg","datePublished":"2021-06-26T02:39:19+00:00","dateModified":"2025-04-16T06:53:37+00:00","breadcrumb":{"@id":"https:\/\/www.wonderwerk.com\/en\/career\/seniorberaterin\/#breadcrumb"},"inLanguage":"en-US","potentialAction":[{"@type":"ReadAction","target":["https:\/\/www.wonderwerk.com\/en\/career\/seniorberaterin\/"]}]},{"@type":"ImageObject","inLanguage":"en-US","@id":"https:\/\/www.wonderwerk.com\/en\/career\/seniorberaterin\/#primaryimage","url":"https:\/\/www.wonderwerk.com\/wp-content\/uploads\/2021\/08\/Senior-Beraterin-1.jpg","contentUrl":"https:\/\/www.wonderwerk.com\/wp-content\/uploads\/2021\/08\/Senior-Beraterin-1.jpg","width":847,"height":520},{"@type":"BreadcrumbList","@id":"https:\/\/www.wonderwerk.com\/en\/career\/seniorberaterin\/#breadcrumb","itemListElement":[{"@type":"ListItem","position":1,"name":"Startseite","item":"https:\/\/www.wonderwerk.com\/en\/"},{"@type":"ListItem","position":2,"name":"Career","item":"https:\/\/www.wonderwerk.com\/en\/career\/"},{"@type":"ListItem","position":3,"name":"Senior Berater:in (m\/w\/d)"}]},{"@type":"WebSite","@id":"https:\/\/www.wonderwerk.com\/en\/#website","url":"https:\/\/www.wonderwerk.com\/en\/","name":"WONDERWERK","description":"Wonderwerk ber\u00e4t Organisationen, die innovativer, digitaler und agiler werden wollen.","publisher":{"@id":"https:\/\/www.wonderwerk.com\/en\/#organization"},"potentialAction":[{"@type":"SearchAction","target":{"@type":"EntryPoint","urlTemplate":"https:\/\/www.wonderwerk.com\/en\/?s={search_term_string}"},"query-input":{"@type":"PropertyValueSpecification","valueRequired":true,"valueName":"search_term_string"}}],"inLanguage":"en-US"},{"@type":"Organization","@id":"https:\/\/www.wonderwerk.com\/en\/#organization","name":"wonderwerk consulting GmbH","url":"https:\/\/www.wonderwerk.com\/en\/","logo":{"@type":"ImageObject","inLanguage":"en-US","@id":"https:\/\/www.wonderwerk.com\/en\/#\/schema\/logo\/image\/","url":"https:\/\/www.wonderwerk.com\/wp-content\/uploads\/2022\/03\/Logo-mit-Schriftzug-rgb-png-1.png","contentUrl":"https:\/\/www.wonderwerk.com\/wp-content\/uploads\/2022\/03\/Logo-mit-Schriftzug-rgb-png-1.png","width":2244,"height":569,"caption":"wonderwerk consulting GmbH"},"image":{"@id":"https:\/\/www.wonderwerk.com\/en\/#\/schema\/logo\/image\/"},"sameAs":["https:\/\/x.com\/wearewonderwerk","https:\/\/www.instagram.com\/wearewonderwerk","https:\/\/www.linkedin.com\/company\/10540669\/admin\/"]}]}},"toolset-meta":{"wonderwerk-attribute-3":{"hero-video-title":{"type":"textarea","raw":""},"subtitle":{"type":"wysiwyg","raw":"Senior Berater:in (m\/w\/d)"},"bg-color":{"type":"textfield","raw":""},"background-video":{"type":"checkbox","raw":""},"hero-poster":{"type":"image","raw":"","attachment_id":null},"hero-video-desktop":{"type":"video","raw":"","attachment_id":null},"hero-video-mobile":{"type":"video","raw":"","attachment_id":null},"hero-video-text":{"type":"textarea","raw":""}}},"_links":{"self":[{"href":"https:\/\/www.wonderwerk.com\/en\/wp-json\/wp\/v2\/pages\/308","targetHints":{"allow":["GET"]}}],"collection":[{"href":"https:\/\/www.wonderwerk.com\/en\/wp-json\/wp\/v2\/pages"}],"about":[{"href":"https:\/\/www.wonderwerk.com\/en\/wp-json\/wp\/v2\/types\/page"}],"author":[{"embeddable":true,"href":"https:\/\/www.wonderwerk.com\/en\/wp-json\/wp\/v2\/users\/1"}],"replies":[{"embeddable":true,"href":"https:\/\/www.wonderwerk.com\/en\/wp-json\/wp\/v2\/comments?post=308"}],"version-history":[{"count":19,"href":"https:\/\/www.wonderwerk.com\/en\/wp-json\/wp\/v2\/pages\/308\/revisions"}],"predecessor-version":[{"id":13251,"href":"https:\/\/www.wonderwerk.com\/en\/wp-json\/wp\/v2\/pages\/308\/revisions\/13251"}],"up":[{"embeddable":true,"href":"https:\/\/www.wonderwerk.com\/en\/wp-json\/wp\/v2\/pages\/309"}],"wp:featuredmedia":[{"embeddable":true,"href":"https:\/\/www.wonderwerk.com\/en\/wp-json\/wp\/v2\/media\/806"}],"wp:attachment":[{"href":"https:\/\/www.wonderwerk.com\/en\/wp-json\/wp\/v2\/media?parent=308"}],"curies":[{"name":"wp","href":"https:\/\/api.w.org\/{rel}","templated":true}]}}